{"id":1124,"date":"2014-08-31T19:55:16","date_gmt":"2014-08-31T19:55:16","guid":{"rendered":"http:\/\/www.gbessero.com\/?page_id=1124"},"modified":"2015-01-22T22:33:13","modified_gmt":"2015-01-22T22:33:13","slug":"news-2","status":"publish","type":"page","link":"https:\/\/www.gbessero.com\/index.php\/news-2\/","title":{"rendered":"News"},"content":{"rendered":"<p><img decoding=\"async\" loading=\"lazy\" class=\"alignnone size-full wp-image-1259\" src=\"http:\/\/www.gbessero.com\/wp-content\/uploads\/2014\/08\/GBB-News-8e1.jpg\" alt=\"GBB-News-8e\" width=\"730\" height=\"486\" srcset=\"https:\/\/www.gbessero.com\/wp-content\/uploads\/2014\/08\/GBB-News-8e1.jpg 730w, https:\/\/www.gbessero.com\/wp-content\/uploads\/2014\/08\/GBB-News-8e1-600x399.jpg 600w, https:\/\/www.gbessero.com\/wp-content\/uploads\/2014\/08\/GBB-News-8e1-300x199.jpg 300w\" sizes=\"(max-width: 730px) 100vw, 730px\" \/><\/p>\n<p><em>January 2015<\/em><\/p>\n<p>THE FIRST SERIES OF EXPERIMENTA IS ALMOST READY.<\/p>\n<p>EXPERIMENTA FEATURED ON THE CURRENT ISSUE OF RESIDENCES DECORATION N.121<br \/>\n<span style=\"color: #999999;\"><em>&#8220;Le designer Italien Giuseppe Bessero Belti lance Experimenta: une collection ultra po\u00e9tique \u00a0de vases en paraffine r\u00e9alis\u00e9e\u00a0gr\u00e2ce<br \/>\n<\/em><em>\u00e0\u00a0la technologie de prototypage rapide. Et \u00e0 travers laquelle la traditionnelle flamme de la lampe \u00e0 p\u00e9trole est remplac\u00e9e par une fleur.&#8221;\u00a0<\/em><em>C.S<\/em><\/span><\/p>\n<p>&nbsp;<\/p>\n<p>&nbsp;<\/p>\n<p><img decoding=\"async\" loading=\"lazy\" class=\"alignnone size-full wp-image-1208\" src=\"http:\/\/www.gbessero.com\/wp-content\/uploads\/2014\/08\/wohn01-.jpg\" alt=\"wohn01\" width=\"730\" height=\"486\" srcset=\"https:\/\/www.gbessero.com\/wp-content\/uploads\/2014\/08\/wohn01-.jpg 730w, https:\/\/www.gbessero.com\/wp-content\/uploads\/2014\/08\/wohn01--600x399.jpg 600w, https:\/\/www.gbessero.com\/wp-content\/uploads\/2014\/08\/wohn01--300x199.jpg 300w\" sizes=\"(max-width: 730px) 100vw, 730px\" \/><\/p>\n<p><em>06\/11\/2014<\/em><\/p>\n<p>EXPERIMENTA FEATURED ON THE CURRENT ISSUE OF WOHNREVUE.<\/p>\n<p><img decoding=\"async\" loading=\"lazy\" class=\"alignnone size-full wp-image-1225\" src=\"http:\/\/www.gbessero.com\/wp-content\/uploads\/2014\/08\/Melograno-01.jpg\" alt=\"Melograno 01\" width=\"730\" height=\"487\" srcset=\"https:\/\/www.gbessero.com\/wp-content\/uploads\/2014\/08\/Melograno-01.jpg 730w, https:\/\/www.gbessero.com\/wp-content\/uploads\/2014\/08\/Melograno-01-600x400.jpg 600w, https:\/\/www.gbessero.com\/wp-content\/uploads\/2014\/08\/Melograno-01-300x200.jpg 300w\" sizes=\"(max-width: 730px) 100vw, 730px\" \/><\/p>\n<p><img decoding=\"async\" loading=\"lazy\" class=\"alignnone size-full wp-image-1226\" src=\"http:\/\/www.gbessero.com\/wp-content\/uploads\/2014\/08\/Melograno-02.jpg\" alt=\"Melograno 02\" width=\"730\" height=\"487\" srcset=\"https:\/\/www.gbessero.com\/wp-content\/uploads\/2014\/08\/Melograno-02.jpg 730w, https:\/\/www.gbessero.com\/wp-content\/uploads\/2014\/08\/Melograno-02-600x400.jpg 600w, https:\/\/www.gbessero.com\/wp-content\/uploads\/2014\/08\/Melograno-02-300x200.jpg 300w\" sizes=\"(max-width: 730px) 100vw, 730px\" \/><\/p>\n<p><em>05\/11\/2014<\/em><\/p>\n<p>WORKING ON A NEW PROJECT FOR 2015.<\/p>\n<p><img decoding=\"async\" loading=\"lazy\" class=\"alignnone size-full wp-image-1161\" src=\"http:\/\/www.gbessero.com\/wp-content\/uploads\/2014\/08\/Experimenta-10-04-.jpg\" alt=\"Experimenta 10-04\" width=\"730\" height=\"487\" srcset=\"https:\/\/www.gbessero.com\/wp-content\/uploads\/2014\/08\/Experimenta-10-04-.jpg 730w, https:\/\/www.gbessero.com\/wp-content\/uploads\/2014\/08\/Experimenta-10-04--600x400.jpg 600w, https:\/\/www.gbessero.com\/wp-content\/uploads\/2014\/08\/Experimenta-10-04--300x200.jpg 300w\" sizes=\"(max-width: 730px) 100vw, 730px\" \/><\/p>\n<p><em>04\/10\/2014<\/em><\/p>\n<p>WORKING ON EXPERIMENTA PROJECT. NEW UPDATES VERY SOON.<\/p>\n<p><img decoding=\"async\" loading=\"lazy\" class=\"alignnone size-full wp-image-1101\" src=\"http:\/\/www.gbessero.com\/wp-content\/uploads\/2012\/10\/nykyineen1.jpg\" alt=\"nykyineen\" width=\"730\" height=\"486\" srcset=\"https:\/\/www.gbessero.com\/wp-content\/uploads\/2012\/10\/nykyineen1.jpg 730w, https:\/\/www.gbessero.com\/wp-content\/uploads\/2012\/10\/nykyineen1-600x399.jpg 600w, https:\/\/www.gbessero.com\/wp-content\/uploads\/2012\/10\/nykyineen1-300x199.jpg 300w\" sizes=\"(max-width: 730px) 100vw, 730px\" \/><\/p>\n<p><em>30\/08\/2014<\/em><\/p>\n<p style=\"text-align: left;\">MAGAZINE ONLINE\u00a0 NYKYINEN ASKED ME SOME QUESTIONS ABOUT MY WORK. \u00a0 \u00a0 \u00a0 \u00a0\u00a0 <em><a href=\"http:\/\/nykyinen.com\/nykyinen-interviews-giuseppe-bessero-belti\/\" target=\"_blank\"><span style=\"color: #888888;\">here the interview<br \/>\n<\/span><\/a><\/em><\/p>\n<p><img decoding=\"async\" loading=\"lazy\" class=\"alignnone size-full wp-image-1170\" src=\"http:\/\/www.gbessero.com\/wp-content\/uploads\/2014\/08\/magazines2.jpg\" alt=\"magazines\" width=\"730\" height=\"486\" srcset=\"https:\/\/www.gbessero.com\/wp-content\/uploads\/2014\/08\/magazines2.jpg 730w, https:\/\/www.gbessero.com\/wp-content\/uploads\/2014\/08\/magazines2-600x399.jpg 600w, https:\/\/www.gbessero.com\/wp-content\/uploads\/2014\/08\/magazines2-300x199.jpg 300w\" sizes=\"(max-width: 730px) 100vw, 730px\" \/><\/p>\n<p style=\"text-align: left;\"><em>july-august\u00a0 2014<\/em><\/p>\n<p style=\"text-align: left;\"><em><span style=\"font-size: 8pt;\"><span style=\"color: #999999;\">EXPERIMENTA FEATURED ON:<\/span><\/span><\/em><\/p>\n<p style=\"text-align: left;\">ELLE DECOR ITALIA<br \/>\n<span style=\"color: #999999;\">&#8220;I VASI EXPERIMENTA DI GIUSEPPE BESSERO BELTI&#8221;, BY E. CIRMI \u00a0\u00a0<\/span> <span style=\"font-size: 8pt;\"><a href=\"http:\/\/www.dezeen.com\/2014\/07\/11\/giuseppe-bessero-beltis-paraffin-lamp-experimenta-vases\/\" target=\"_blank\"><span style=\"color: #999999;\">&#8211;<\/span><\/a><a href=\"http:\/\/www.elledecor.it\/news\/vasi-Experimenta-Giuseppe-Bessero-vetro-paralume-lampade-petrolio-riutilizzo-creativo\" target=\"_blank\"><span style=\"color: #999999;\"><em>HERE<\/em><\/span><span style=\"color: #999999;\">&#8211;<\/span><\/a><\/span><br \/>\nDEZEEN MAGAZINE<br \/>\n<span style=\"color: #999999;\">&#8220;FLOWERS REPLACE FLAMES\u00a0 IN\u00a0 PARAFFIN\u00a0 LAMP VASES\u00a0 BY\u00a0 GIUSEPPE BESSERO BELTI&#8221;, BY K. TREGGIDEN <\/span>\u00a0\u00a0\u00a0 <span style=\"font-size: 8pt;\"><a href=\"http:\/\/www.dezeen.com\/2014\/07\/11\/giuseppe-bessero-beltis-paraffin-lamp-experimenta-vases\/\" target=\"_blank\"><span style=\"color: #999999;\">&#8211;<em>HERE<\/em>&#8211;<\/span><\/a><\/span><br \/>\nMOCOLOCO<br \/>\n<span style=\"color: #999999;\">&#8220;EXPERIMENTA VASES\u00a0 BY GIUSEPPE BESSERO BELTI&#8221;, BY HARRY <\/span>\u00a0\u00a0 <span style=\"font-size: 8pt;\"><a href=\"http:\/\/www.dezeen.com\/2014\/07\/11\/giuseppe-bessero-beltis-paraffin-lamp-experimenta-vases\/\" target=\"_blank\"><span style=\"color: #999999;\">&#8211;<\/span><\/a><a href=\"http:\/\/mocoloco.com\/archives\/030057.php\" target=\"_blank\"><span style=\"color: #999999;\"><em>HERE<\/em><\/span><span style=\"color: #999999;\">&#8211;<\/span><\/a><\/span><br \/>\nVOGUE AUSTRALIA<br \/>\n<span style=\"color: #999999;\">\u201c26 OF THE BEST CERAMICS\u201d, BY D. KUMURDIAN \u00a0\u00a0<\/span><a href=\"http:\/\/www.vogue.com.au\/vogue+living\/interiors\/galleries\/26+of+the+best+ceramics,31877?pos=15\" target=\"_blank\"> <span style=\"font-size: 8pt;\"><span style=\"color: #999999;\">&#8211;<\/span><span style=\"color: #999999;\"><em>HERE<\/em><\/span><span style=\"color: #999999;\">&#8211;<\/span><\/span><\/a><br \/>\nGOOOOD<br \/>\n<span style=\"color: #999999;\">&#8220;EXPERIMENTA VASE\u00a0 \/\u00a0 GIUSEPPE BESSERO BELTI&#8221;\u00a0\u00a0 <a href=\"http:\/\/www.gooood.hk\/experimenta-vase-gbesssero.htm\" target=\"_blank\"><span style=\"font-size: 8pt;\"><span style=\"color: #999999;\">&#8211;<\/span><span style=\"color: #999999;\"><em>HERE<\/em><\/span><span style=\"color: #999999;\">&#8211;<\/span><\/span><\/a><\/span><br \/>\nTRENDLAND<br \/>\n<span style=\"color: #999999;\">&#8220;EXPERIMENTA &#8211; THE TRANSFORMATION OF THE KEROSENE LAMP &#8220;, BY A.G. JOHNSON \u00a0\u00a0 <a href=\"http:\/\/trendland.com\/experimenta-the-transformation-of-the-kerosene-lamp\/?utm_source=feedburner&amp;utm_medium=feed&amp;utm_campaign=Feed%3A+cyanatrendland+%28Trendland%29\" target=\"_blank\"><span style=\"font-size: 8pt;\"><span style=\"color: #999999;\">&#8211;<\/span><span style=\"color: #999999;\"><em>HERE<\/em><\/span><span style=\"color: #999999;\">&#8211;<\/span><\/span><\/a><\/span><br \/>\nWORLD INTERIOR NEWS<br \/>\n<span style=\"color: #999999;\">&#8220;FLOWER BLOSSOM INTO FLAMES: EXPERIMENTA&#8221;, BY LIZ \u00a0\u00a0 <a href=\"http:\/\/www.wantoday.com\/interiorsblog\/flowers-blossom-into-flames-experimenta\/\" target=\"_blank\"><span style=\"font-size: 8pt;\"><span style=\"color: #999999;\">&#8211;<\/span><span style=\"color: #999999;\"><em>HERE<\/em><\/span><span style=\"color: #999999;\">&#8211;<\/span><\/span><\/a><\/span><br \/>\nDESIGNLINES<br \/>\n<span style=\"color: #999999;\">&#8220;EXPERIMENTA, PFLANZE UND FLAMME&#8221;, BY TP \u00a0\u00a0 <a href=\"http:\/\/www.designlines.de\/newcomer\/Experimenta_14103233.html\" target=\"_blank\"><span style=\"font-size: 8pt;\"><span style=\"color: #999999;\">&#8211;<\/span><span style=\"color: #999999;\"><em>HERE<\/em><\/span><span style=\"color: #999999;\">&#8211;<\/span><\/span><\/a><\/span><\/p>\n<p style=\"text-align: left;\"><a title=\"Experimenta\" href=\"http:\/\/www.gbessero.com\/index.php\/experimenta\" target=\"_blank\"><img decoding=\"async\" loading=\"lazy\" class=\"alignnone size-full wp-image-901\" src=\"http:\/\/www.gbessero.com\/wp-content\/uploads\/2012\/10\/Experimenta-Globe-01.jpg\" alt=\"Experimenta-Globe-01\" width=\"730\" height=\"486\" srcset=\"https:\/\/www.gbessero.com\/wp-content\/uploads\/2012\/10\/Experimenta-Globe-01.jpg 730w, https:\/\/www.gbessero.com\/wp-content\/uploads\/2012\/10\/Experimenta-Globe-01-600x399.jpg 600w, https:\/\/www.gbessero.com\/wp-content\/uploads\/2012\/10\/Experimenta-Globe-01-300x199.jpg 300w\" sizes=\"(max-width: 730px) 100vw, 730px\" \/><\/a><\/p>\n<p style=\"text-align: left;\"><em>03\/07\/2014<\/em><\/p>\n<p style=\"text-align: left;\">EXPERIMENTA<br \/>\n<span style=\"color: #888888;\">THE FLAME BECOMES A FLOWER, THE FUEL BECOMES WATER. THE TRANSFORMATION OF A KEROSENE LAMP<br \/>\n<\/span><\/p>\n<p style=\"text-align: left;\"><a href=\"http:\/\/www.internimagazine.com\/agenda-1\/appuntamenti\/oggetti-darredo-per-gli-spazi-della-convivialita\" target=\"_blank\"><img decoding=\"async\" loading=\"lazy\" class=\"alignnone size-full wp-image-710\" title=\"seconda stella 7news3\" src=\"http:\/\/www.gbessero.com\/\/wp-content\/uploads\/2012\/10\/seconda-stella-7news3.jpg\" alt=\"\" width=\"730\" height=\"487\" srcset=\"https:\/\/www.gbessero.com\/wp-content\/uploads\/2012\/10\/seconda-stella-7news3.jpg 730w, https:\/\/www.gbessero.com\/wp-content\/uploads\/2012\/10\/seconda-stella-7news3-600x400.jpg 600w, https:\/\/www.gbessero.com\/wp-content\/uploads\/2012\/10\/seconda-stella-7news3-300x200.jpg 300w\" sizes=\"(max-width: 730px) 100vw, 730px\" \/><\/a><\/p>\n<p style=\"text-align: left;\"><em>11\/06\/2012<\/em><\/p>\n<p style=\"text-align: left;\">INTERNATIONAL COMPETITION \u201cALDO MORELATO FOUNDATION\u201d FOR APPLIED ART IN THE FURNITURE FIELD <span style=\"color: #888888;\"><br \/>\nLA SECONDA STELLA FIRST PRIZE &#8220;PROGETTO OPERA&#8221;<\/span><\/p>\n<p style=\"text-align: left;\"><em><span style=\"color: #888888;\"><a href=\"http:\/\/www.fondazionealdomorelato.org\/pages\/174\" target=\"_blank\"><span style=\"color: #888888;\">go to the Foundation website<\/span><\/a><\/span><\/em>&#8230;<\/p>\n","protected":false},"excerpt":{"rendered":"<p>January 2015 THE FIRST SERIES OF EXPERIMENTA IS ALMOST READY. EXPERIMENTA FEATURED ON THE CURRENT ISSUE OF RESIDENCES DECORATION N.121 &#8220;Le designer Italien Giuseppe Bessero Belti lance Experimenta: une collection ultra po\u00e9tique \u00a0de vases en paraffine r\u00e9alis\u00e9e\u00a0gr\u00e2ce \u00e0\u00a0la technologie de prototypage rapide. Et \u00e0 travers laquelle la traditionnelle flamme de la lampe \u00e0 p\u00e9trole est <\/p>\n<p><a href=\"https:\/\/www.gbessero.com\/index.php\/news-2\/#more-1124\" class=\"more-link\">Read More<\/a><\/p>\n","protected":false},"author":1,"featured_media":0,"parent":0,"menu_order":0,"comment_status":"open","ping_status":"open","template":"","meta":[],"_links":{"self":[{"href":"https:\/\/www.gbessero.com\/index.php\/wp-json\/wp\/v2\/pages\/1124"}],"collection":[{"href":"https:\/\/www.gbessero.com\/index.php\/wp-json\/wp\/v2\/pages"}],"about":[{"href":"https:\/\/www.gbessero.com\/index.php\/wp-json\/wp\/v2\/types\/page"}],"author":[{"embeddable":true,"href":"https:\/\/www.gbessero.com\/index.php\/wp-json\/wp\/v2\/users\/1"}],"replies":[{"embeddable":true,"href":"https:\/\/www.gbessero.com\/index.php\/wp-json\/wp\/v2\/comments?post=1124"}],"version-history":[{"count":39,"href":"https:\/\/www.gbessero.com\/index.php\/wp-json\/wp\/v2\/pages\/1124\/revisions"}],"predecessor-version":[{"id":1261,"href":"https:\/\/www.gbessero.com\/index.php\/wp-json\/wp\/v2\/pages\/1124\/revisions\/1261"}],"wp:attachment":[{"href":"https:\/\/www.gbessero.com\/index.php\/wp-json\/wp\/v2\/media?parent=1124"}],"curies":[{"name":"wp","href":"https:\/\/api.w.org\/{rel}","templated":true}]}}